{"id":1048,"date":"2020-09-16T18:52:46","date_gmt":"2020-09-16T16:52:46","guid":{"rendered":"http:\/\/192.168.178.120\/wordpress\/?page_id=1048"},"modified":"2023-10-01T18:09:19","modified_gmt":"2023-10-01T16:09:19","slug":"6bcl","status":"publish","type":"page","link":"https:\/\/metzger-obermeier.de\/wordpress\/6bcl\/","title":{"rendered":"6bcL"},"content":{"rendered":"\n<!-- Dropdown menu courtesy of HTML Basix - www.htmlbasix.com -->\n   <select name=\"menu1\" id=\"menu1\" class=\"menu1\" style=\"color: #006699;font-family: Arial;font-size: 12px;font-style: normal;background-color: #FFFFFF;padding: 2px\">\n<option value=\"\">W\u00e4hle eine \u00dcbung:<\/option>     \n      <option value=\"https:\/\/learningapps.org\/watch?v=pi8fhokjt20\">Auf dem Landgut (1 \u00dc b)<\/option>\n      <option value=\"https:\/\/learningapps.org\/watch?v=pewedk9dj20\">Grammatikpaare (1 \u00dc i)<\/option>\n      <option value=\"https:\/\/learningapps.org\/watch?v=pejyi64a320\">WS 2 Finde die Pr\u00e4dikate!<\/option>\n      <option value=\"https:\/\/learningapps.org\/watch?v=p3wfeyuaa20\">WS 2 Lernw\u00f6rter<\/option>\n      <option value=\"https:\/\/learningapps.org\/watch?v=pvchjkt0n20\">3 \u00dc b Akkusativobjekte<\/option>\n      <option value=\"https:\/\/learningapps.org\/watch?v=pmkw56q3a20\">3 \u00dcc Gruppenpuzzle<\/option>\n      <option value=\"https:\/\/learningapps.org\/watch?v=p3sgi5dk520\">3 \u00dc d Paare im Numerus<\/option>\n      <option value=\"https:\/\/learningapps.org\/watch?v=prmiurevt20\">Kinder in Rom I Kompakt \u00dcg<\/option>\n      <option value=\"https:\/\/learningapps.org\/watch?v=p9uw2iw8n20\">Immer entgegengesetzt<\/option>\n      <option value=\"https:\/\/learningapps.org\/watch?v=p5o7c07et20\">7\u00dcb Genitive<\/option>\n      <option value=\"https:\/\/learningapps.org\/watch?v=p8wdae7rn20\">8\u00dcb Der Irrl\u00e4ufer<\/option>\n      <option value=\"https:\/\/learningapps.org\/watch?v=p7ry019ot20\">8\u00dcc Regentropfen<\/option>\n      <option value=\"https:\/\/learningapps.org\/watch?v=pcgkpg6dc20\">8Va Richtig oder falsch?<\/option>\n      <option value=\"https:\/\/learningapps.org\/watch?v=ppk35i7wn20\">10Vc Pr\u00e4dikate bilden<\/option>\n      <option value=\"https:\/\/learningapps.org\/watch?v=ppbamfz4320\">10\u00dcd Was k\u00f6nnte geschehen sein?<\/option>\n      <option value=\"https:\/\/learningapps.org\/watch?v=pgp6cwaf321\">11\u00dca Singular sucht Plural<\/option>\n      <option value=\"https:\/\/learningapps.org\/watch?v=p1r218fnj21\">11\u00dcd -is is&#8216; nicht gleich -is!<\/option>\n   <\/select>\n   \n   <input type=\"button\" id=\"btnmenu1\" class=\"btnmenu1\" style=\"color: #FFFFFF;font-family: Arial;font-size: 12px;font-style: normal;background-color: #006699;padding: 2px;cursor: pointer\" onmouseover=\"this.style.backgroundColor = '#008FD6'\" onmouseout=\"this.style.backgroundColor = '#006699'\" onclick=\"window.open(document.getElementById(&quot;menu1&quot;).options[document.getElementById(&quot;menu1&quot;).selectedIndex].value)\" value=\"Los geht's!\">\n\n<!-- End Dropdown menu -->\n","protected":false},"excerpt":{"rendered":"<p>W\u00e4hle eine \u00dcbung:Auf dem Landgut (1 \u00dc b)Grammatikpaare (1 \u00dc i)WS 2 Finde die Pr\u00e4dikate!WS 2 Lernw\u00f6rter3 \u00dc b Akkusativobjekte3 \u00dcc Gruppenpuzzle3 \u00dc d Paare im NumerusKinder in Rom I Kompakt \u00dcgImmer entgegengesetzt7\u00dcb Genitive8\u00dcb Der Irrl\u00e4ufer8\u00dcc Regentropfen8Va Richtig oder falsch?10Vc Pr\u00e4dikate bilden10\u00dcd Was k\u00f6nnte geschehen sein?11\u00dca Singular sucht Plural11\u00dcd -is is&#8216; nicht gleich -is!<\/p>\n","protected":false},"author":1,"featured_media":0,"parent":0,"menu_order":0,"comment_status":"closed","ping_status":"closed","template":"","meta":{"footnotes":""},"class_list":["post-1048","page","type-page","status-publish","hentry"],"publishpress_future_action":{"enabled":false,"date":"2026-04-23 09:41:07","action":"category","newStatus":"draft","terms":[],"taxonomy":"","extraData":[]},"publishpress_future_workflow_manual_trigger":{"enabledWorkflows":[]},"_links":{"self":[{"href":"https:\/\/metzger-obermeier.de\/wordpress\/wp-json\/wp\/v2\/pages\/1048","targetHints":{"allow":["GET"]}}],"collection":[{"href":"https:\/\/metzger-obermeier.de\/wordpress\/wp-json\/wp\/v2\/pages"}],"about":[{"href":"https:\/\/metzger-obermeier.de\/wordpress\/wp-json\/wp\/v2\/types\/page"}],"author":[{"embeddable":true,"href":"https:\/\/metzger-obermeier.de\/wordpress\/wp-json\/wp\/v2\/users\/1"}],"replies":[{"embeddable":true,"href":"https:\/\/metzger-obermeier.de\/wordpress\/wp-json\/wp\/v2\/comments?post=1048"}],"version-history":[{"count":20,"href":"https:\/\/metzger-obermeier.de\/wordpress\/wp-json\/wp\/v2\/pages\/1048\/revisions"}],"predecessor-version":[{"id":1475,"href":"https:\/\/metzger-obermeier.de\/wordpress\/wp-json\/wp\/v2\/pages\/1048\/revisions\/1475"}],"wp:attachment":[{"href":"https:\/\/metzger-obermeier.de\/wordpress\/wp-json\/wp\/v2\/media?parent=1048"}],"curies":[{"name":"wp","href":"https:\/\/api.w.org\/{rel}","templated":true}]}}