{"id":55,"date":"2019-10-19T14:39:57","date_gmt":"2019-10-19T12:39:57","guid":{"rendered":"http:\/\/nsa310\/adv,\/pkg\/WordPress\/?page_id=55"},"modified":"2019-11-19T09:15:58","modified_gmt":"2019-11-19T08:15:58","slug":"unterricht","status":"publish","type":"page","link":"https:\/\/metzger-obermeier.de\/wordpress\/unterricht\/","title":{"rendered":"Unterricht"},"content":{"rendered":"\n<h2 class=\"wp-block-heading\">Die Kombination macht&#8217;s!<\/h2>\n\n\n\n<p class=\"has-drop-cap\">Auf diesen Seiten geht es um die Verkn\u00fcpfung aus analogem und digitalem Lernen am Gymnasium.<\/p>\n\n\n\n<p class=\"has-text-align-left\">Mit Hilfe der technischen Ausstattung am JSG ist es m\u00f6glich, &#8222;Tafelanschriebe&#8220; zeitnah in einer eigenen <strong>Cloud<\/strong> zu speichern.<\/p>\n\n\n\n<p>Dieses Angebot soll <strong>neben dem klassischen Hefteintrag<\/strong>&nbsp;  eine Unterst\u00fctzung sein, die im Unterricht erarbeiteten Inhalte, aber auch  Arbeitsbl\u00e4tter oder audiovisuelle Materialien in ansprechender Form zur  Verf\u00fcgung zu haben.<\/p>\n\n\n\n<p>Die Rubriken f\u00fcr die jeweilige Klasse befinden sich in den nachfolgenden Reitern.<\/p>\n\n\n\n<figure class=\"wp-block-table aligncenter is-style-stripes\"><table class=\"has-subtle-light-gray-background-color has-background\"><tbody><tr><td><a href=\"http:\/\/192.168.178.120\/wordpress\/latein\">Latein<\/a><\/td><td><a href=\"http:\/\/192.168.178.120\/wordpress\/religion\">Religion<\/a><\/td><\/tr><\/tbody><\/table><\/figure>\n\n\n\n<div class=\"wp-block-columns is-layout-flex wp-container-core-columns-is-layout-9d6595d7 wp-block-columns-is-layout-flex\">\n<div class=\"wp-block-column is-layout-flow wp-block-column-is-layout-flow\">\n<h4 class=\"has-text-align-center wp-block-heading\">LearningApps.org<\/h4>\n\n\n\n<div class=\"wp-block-image\"><figure class=\"aligncenter size-large\"><a href=\"https:\/\/learningapps.org\/\" target=\"_blank\" rel=\"noreferrer noopener\"><img loading=\"lazy\" decoding=\"async\" width=\"200\" height=\"200\" src=\"http:\/\/192.168.178.120\/wordpress\/wp-content\/uploads\/2019\/11\/smallLogo.png\" alt=\"Learningapps.org\" class=\"wp-image-167\" srcset=\"https:\/\/metzger-obermeier.de\/wordpress\/wp-content\/uploads\/2019\/11\/smallLogo.png 200w, https:\/\/metzger-obermeier.de\/wordpress\/wp-content\/uploads\/2019\/11\/smallLogo-150x150.png 150w\" sizes=\"auto, (max-width: 200px) 100vw, 200px\" \/><\/a><figcaption>Eine phantastische Lernplattform!<\/figcaption><\/figure><\/div>\n<\/div>\n\n\n\n<div class=\"wp-block-column is-layout-flow wp-block-column-is-layout-flow\">\n<h4 class=\"has-text-align-center wp-block-heading\">AnswerGarden.ch<\/h4>\n\n\n\n<div class=\"wp-block-image\"><figure class=\"aligncenter size-large\"><a href=\"https:\/\/answergarden.ch\/\" target=\"_blank\" rel=\"noreferrer noopener\"><img loading=\"lazy\" decoding=\"async\" width=\"300\" height=\"300\" src=\"http:\/\/192.168.178.120\/wordpress\/wp-content\/uploads\/2019\/11\/answergarden-logo.png\" alt=\"AnswerGarden\" class=\"wp-image-221\" srcset=\"https:\/\/metzger-obermeier.de\/wordpress\/wp-content\/uploads\/2019\/11\/answergarden-logo.png 300w, https:\/\/metzger-obermeier.de\/wordpress\/wp-content\/uploads\/2019\/11\/answergarden-logo-150x150.png 150w\" sizes=\"auto, (max-width: 300px) 100vw, 300px\" \/><\/a><figcaption>Wortwolken schnell erstellen<\/figcaption><\/figure><\/div>\n<\/div>\n<\/div>\n\n\n\n<p><\/p>\n","protected":false},"excerpt":{"rendered":"<p>Die Kombination macht&#8217;s! Auf diesen Seiten geht es um die Verkn\u00fcpfung aus analogem und digitalem Lernen am Gymnasium. Mit Hilfe der technischen Ausstattung am JSG ist es m\u00f6glich, &#8222;Tafelanschriebe&#8220; zeitnah in einer eigenen Cloud zu speichern. Dieses Angebot soll neben dem klassischen Hefteintrag&nbsp; eine Unterst\u00fctzung sein, die im Unterricht erarbeiteten Inhalte, aber auch Arbeitsbl\u00e4tter oder &hellip; <a href=\"https:\/\/metzger-obermeier.de\/wordpress\/unterricht\/\" class=\"more-link\"><span class=\"screen-reader-text\">Unterricht<\/span> weiterlesen <span class=\"meta-nav\">&rarr;<\/span><\/a><\/p>\n","protected":false},"author":1,"featured_media":0,"parent":0,"menu_order":0,"comment_status":"closed","ping_status":"closed","template":"","meta":{"footnotes":""},"class_list":["post-55","page","type-page","status-publish","hentry"],"publishpress_future_action":{"enabled":false,"date":"2026-04-25 04:03:02","action":"category","newStatus":"draft","terms":[],"taxonomy":"","extraData":[]},"publishpress_future_workflow_manual_trigger":{"enabledWorkflows":[]},"_links":{"self":[{"href":"https:\/\/metzger-obermeier.de\/wordpress\/wp-json\/wp\/v2\/pages\/55","targetHints":{"allow":["GET"]}}],"collection":[{"href":"https:\/\/metzger-obermeier.de\/wordpress\/wp-json\/wp\/v2\/pages"}],"about":[{"href":"https:\/\/metzger-obermeier.de\/wordpress\/wp-json\/wp\/v2\/types\/page"}],"author":[{"embeddable":true,"href":"https:\/\/metzger-obermeier.de\/wordpress\/wp-json\/wp\/v2\/users\/1"}],"replies":[{"embeddable":true,"href":"https:\/\/metzger-obermeier.de\/wordpress\/wp-json\/wp\/v2\/comments?post=55"}],"version-history":[{"count":20,"href":"https:\/\/metzger-obermeier.de\/wordpress\/wp-json\/wp\/v2\/pages\/55\/revisions"}],"predecessor-version":[{"id":232,"href":"https:\/\/metzger-obermeier.de\/wordpress\/wp-json\/wp\/v2\/pages\/55\/revisions\/232"}],"wp:attachment":[{"href":"https:\/\/metzger-obermeier.de\/wordpress\/wp-json\/wp\/v2\/media?parent=55"}],"curies":[{"name":"wp","href":"https:\/\/api.w.org\/{rel}","templated":true}]}}