{"id":82,"date":"2019-10-28T16:33:56","date_gmt":"2019-10-28T16:33:56","guid":{"rendered":"http:\/\/nsa310\/adv,\/pkg\/WordPress\/?page_id=70"},"modified":"2020-05-12T19:04:40","modified_gmt":"2020-05-12T17:04:40","slug":"willkommen","status":"publish","type":"page","link":"https:\/\/metzger-obermeier.de\/wordpress\/","title":{"rendered":"Willkommen!"},"content":{"rendered":"\n<p class=\"has-drop-cap\"> Mein Name ist Ulrich Metzger-Obermeier und ich unterrichte Latein und<br>Katholische Religionslehre am <a href=\"https:\/\/www.jsg-karlstadt.de\/\" target=\"_blank\" rel=\"noreferrer noopener\" aria-label=\" (\u00f6ffnet in neuem Tab)\">Johann-Sch\u00f6ner-Gymnasium Karlstadt<\/a>.<br>Auf den folgenden Seiten bekommen Sie einen Einblick in meine Arbeit und k\u00f6nnen sich ausgew\u00e4hlte Unterrichtsinhalte beschaffen. <\/p>\n","protected":false},"excerpt":{"rendered":"<p>Mein Name ist Ulrich Metzger-Obermeier und ich unterrichte Latein undKatholische Religionslehre am Johann-Sch\u00f6ner-Gymnasium Karlstadt.Auf den folgenden Seiten bekommen Sie einen Einblick in meine Arbeit und k\u00f6nnen sich ausgew\u00e4hlte Unterrichtsinhalte beschaffen.<\/p>\n","protected":false},"author":1,"featured_media":0,"parent":0,"menu_order":0,"comment_status":"closed","ping_status":"closed","template":"","meta":{"footnotes":""},"class_list":["post-82","page","type-page","status-publish","hentry"],"publishpress_future_action":{"enabled":false,"date":"2026-04-23 21:57:21","action":"category","newStatus":"draft","terms":[],"taxonomy":"","extraData":[]},"publishpress_future_workflow_manual_trigger":{"enabledWorkflows":[]},"_links":{"self":[{"href":"https:\/\/metzger-obermeier.de\/wordpress\/wp-json\/wp\/v2\/pages\/82","targetHints":{"allow":["GET"]}}],"collection":[{"href":"https:\/\/metzger-obermeier.de\/wordpress\/wp-json\/wp\/v2\/pages"}],"about":[{"href":"https:\/\/metzger-obermeier.de\/wordpress\/wp-json\/wp\/v2\/types\/page"}],"author":[{"embeddable":true,"href":"https:\/\/metzger-obermeier.de\/wordpress\/wp-json\/wp\/v2\/users\/1"}],"replies":[{"embeddable":true,"href":"https:\/\/metzger-obermeier.de\/wordpress\/wp-json\/wp\/v2\/comments?post=82"}],"version-history":[{"count":6,"href":"https:\/\/metzger-obermeier.de\/wordpress\/wp-json\/wp\/v2\/pages\/82\/revisions"}],"predecessor-version":[{"id":894,"href":"https:\/\/metzger-obermeier.de\/wordpress\/wp-json\/wp\/v2\/pages\/82\/revisions\/894"}],"wp:attachment":[{"href":"https:\/\/metzger-obermeier.de\/wordpress\/wp-json\/wp\/v2\/media?parent=82"}],"curies":[{"name":"wp","href":"https:\/\/api.w.org\/{rel}","templated":true}]}}